{"id":1063,"date":"2019-06-19T15:38:39","date_gmt":"2019-06-19T15:38:39","guid":{"rendered":"http:\/\/wp.izmitkilisesi.com\/?page_id=1063"},"modified":"2026-04-23T14:08:55","modified_gmt":"2026-04-23T14:08:55","slug":"vaaz-videolari","status":"publish","type":"page","link":"https:\/\/tuzlakilisesi.org\/?page_id=1063","title":{"rendered":"Vaazlar"},"content":{"rendered":"<h2 style=\"text-align: center;\">YouTube Kanal\u0131m\u0131za ABONE Olarak<br \/>Vaaz Videolar\u0131m\u0131z\u0131 Takip Edebilirsiniz&#8230;<br \/><a href=\"http:\/\/www.youtube.com\/tuzlakilisesi\">www.youtube.com\/tuzlakilisesi<\/a><\/h2>\r\n<p style=\"text-align: center;\"><div class=\"epyt-gallery\" data-currpage=\"1\" id=\"epyt_gallery_97602\"><iframe  id=\"_ytid_24670\"  width=\"750\" height=\"422\"  data-origwidth=\"750\" data-origheight=\"422\" src=\"https:\/\/www.youtube.com\/embed\/SIRNxjG4raU?enablejsapi=1&autoplay=0&cc_load_policy=0&cc_lang_pref=&iv_load_policy=1&loop=0&rel=1&fs=1&playsinline=0&autohide=2&theme=dark&color=red&controls=1&disablekb=0&\" class=\"__youtube_prefs__  no-lazyload\" title=\"YouTube player\"  data-epytgalleryid=\"epyt_gallery_97602\"  allow=\"fullscreen; accelerometer; autoplay; clipboard-write; encrypted-media; gyroscope; picture-in-picture; web-share\" referrerpolicy=\"strict-origin-when-cross-origin\" allowfullscreen data-no-lazy=\"1\" data-skipgform_ajax_framebjll=\"\"><\/iframe><div class=\"epyt-gallery-subscribe\"><a target=\"_blank\" class=\"epyt-gallery-subbutton\" href=\"https:\/\/www.youtube.com\/channel\/UCIdyCRZSC5aj8nbVl2rsvvg?sub_confirmation=1\"><img decoding=\"async\" alt=\"subscribe\" src=\"https:\/\/tuzlakilisesi.org\/wp-content\/plugins\/youtube-embed-plus\/images\/play-subscribe.png\" \/>Kanal\u0131m\u0131za ABONE Olabilirsiniz...<\/a><\/div><div class=\"epyt-gallery-list\"><div class=\"epyt-pagination \"><div tabindex=\"0\" role=\"button\" class=\"epyt-pagebutton epyt-prev  hide \" data-playlistid=\"PLEgnEyEFVdiQx1xjSbjCkjL5ddCaHvUNJ\" data-pagesize=\"3\" data-pagetoken=\"\" data-epcolumns=\"3\" data-showtitle=\"1\" data-showpaging=\"1\" data-autonext=\"0\" data-thumbplay=\"1\"><div class=\"epyt-arrow\">&laquo;<\/div> <div>Prev<\/div><\/div><div class=\"epyt-pagenumbers \"><div class=\"epyt-current\">1<\/div><div class=\"epyt-pageseparator\"> \/ <\/div><div class=\"epyt-totalpages\">71<\/div><\/div><div tabindex=\"0\" role=\"button\" class=\"epyt-pagebutton epyt-next\" data-playlistid=\"PLEgnEyEFVdiQx1xjSbjCkjL5ddCaHvUNJ\" data-pagesize=\"3\" data-pagetoken=\"EAAaHlBUOkNBTWlFRU16UlRBeVEwTkZNakJCUTBNeU1UWQ\" data-epcolumns=\"3\" data-showtitle=\"1\" data-showpaging=\"1\" data-autonext=\"0\" data-thumbplay=\"1\"><div>Next<\/div> <div class=\"epyt-arrow\">&raquo;<\/div><\/div><div class=\"epyt-loader\"><img decoding=\"async\" alt=\"loading\" width=\"16\" height=\"11\" src=\"https:\/\/tuzlakilisesi.org\/wp-content\/plugins\/youtube-embed-plus\/images\/gallery-page-loader.gif\"><\/div><\/div><div class=\"epyt-gallery-allthumbs  epyt-cols-3 \"><div tabindex=\"0\" role=\"button\" data-videoid=\"SIRNxjG4raU\" class=\"epyt-gallery-thumb\"><div class=\"epyt-gallery-img-box\"><div class=\"epyt-gallery-img\" style=\"background-image: url(https:\/\/i.ytimg.com\/vi\/SIRNxjG4raU\/hqdefault.jpg)\"><div class=\"epyt-gallery-playhover\"><img decoding=\"async\" alt=\"play\" class=\"epyt-play-img\" width=\"30\" height=\"23\" src=\"https:\/\/tuzlakilisesi.org\/wp-content\/plugins\/youtube-embed-plus\/images\/playhover.png\" data-no-lazy=\"1\" data-skipgform_ajax_framebjll=\"\" \/><div class=\"epyt-gallery-playcrutch\"><\/div><\/div><\/div><\/div><div class=\"epyt-gallery-title\">M\u00fcjdeci Bir Kilise Olmak - Hristiyan Vaaz<\/div><\/div><div tabindex=\"0\" role=\"button\" data-videoid=\"mxXg60ocopw\" class=\"epyt-gallery-thumb\"><div class=\"epyt-gallery-img-box\"><div class=\"epyt-gallery-img\" style=\"background-image: url(https:\/\/i.ytimg.com\/vi\/mxXg60ocopw\/hqdefault.jpg)\"><div class=\"epyt-gallery-playhover\"><img decoding=\"async\" alt=\"play\" class=\"epyt-play-img\" width=\"30\" height=\"23\" src=\"https:\/\/tuzlakilisesi.org\/wp-content\/plugins\/youtube-embed-plus\/images\/playhover.png\" data-no-lazy=\"1\" data-skipgform_ajax_framebjll=\"\" \/><div class=\"epyt-gallery-playcrutch\"><\/div><\/div><\/div><\/div><div class=\"epyt-gallery-title\">Dua Eden Bir Kilise Olmak - Hristiyan Vaaz<\/div><\/div><div tabindex=\"0\" role=\"button\" data-videoid=\"8TYfkXcrthw\" class=\"epyt-gallery-thumb\"><div class=\"epyt-gallery-img-box\"><div class=\"epyt-gallery-img\" style=\"background-image: url(https:\/\/tuzlakilisesi.org\/wp-content\/plugins\/youtube-embed-plus\/images\/deleted-video-thumb.png)\"><div class=\"epyt-gallery-playhover\"><img decoding=\"async\" alt=\"play\" class=\"epyt-play-img\" width=\"30\" height=\"23\" src=\"https:\/\/tuzlakilisesi.org\/wp-content\/plugins\/youtube-embed-plus\/images\/playhover.png\" data-no-lazy=\"1\" data-skipgform_ajax_framebjll=\"\" \/><div class=\"epyt-gallery-playcrutch\"><\/div><\/div><\/div><\/div><div class=\"epyt-gallery-title\">Deleted video<\/div><\/div><div class=\"epyt-gallery-rowbreak\"><\/div><div class=\"epyt-gallery-clear\"><\/div><\/div><div class=\"epyt-pagination \"><div tabindex=\"0\" role=\"button\" class=\"epyt-pagebutton epyt-prev  hide \" data-playlistid=\"PLEgnEyEFVdiQx1xjSbjCkjL5ddCaHvUNJ\" data-pagesize=\"3\" data-pagetoken=\"\" data-epcolumns=\"3\" data-showtitle=\"1\" data-showpaging=\"1\" data-autonext=\"0\" data-thumbplay=\"1\"><div class=\"epyt-arrow\">&laquo;<\/div> <div>Prev<\/div><\/div><div class=\"epyt-pagenumbers \"><div class=\"epyt-current\">1<\/div><div class=\"epyt-pageseparator\"> \/ <\/div><div class=\"epyt-totalpages\">71<\/div><\/div><div tabindex=\"0\" role=\"button\" class=\"epyt-pagebutton epyt-next\" data-playlistid=\"PLEgnEyEFVdiQx1xjSbjCkjL5ddCaHvUNJ\" data-pagesize=\"3\" data-pagetoken=\"EAAaHlBUOkNBTWlFRU16UlRBeVEwTkZNakJCUTBNeU1UWQ\" data-epcolumns=\"3\" data-showtitle=\"1\" data-showpaging=\"1\" data-autonext=\"0\" data-thumbplay=\"1\"><div>Next<\/div> <div class=\"epyt-arrow\">&raquo;<\/div><\/div><div class=\"epyt-loader\"><img decoding=\"async\" alt=\"loading\" width=\"16\" height=\"11\" src=\"https:\/\/tuzlakilisesi.org\/wp-content\/plugins\/youtube-embed-plus\/images\/gallery-page-loader.gif\"><\/div><\/div><\/div><\/div>\r\n\r\n<p class=\"has-text-align-center\"><\/p>\r\n","protected":false},"excerpt":{"rendered":"<p>YouTube Kanal\u0131m\u0131za ABONE OlarakVaaz Videolar\u0131m\u0131z\u0131 Takip Edebilirsiniz&#8230;www.youtube.com\/tuzlakilisesi<\/p>\n","protected":false},"author":2,"featured_media":2873,"parent":0,"menu_order":0,"comment_status":"closed","ping_status":"closed","template":"","meta":{"_crdt_document":"","footnotes":""},"class_list":["post-1063","page","type-page","status-publish","has-post-thumbnail","hentry"],"_links":{"self":[{"href":"https:\/\/tuzlakilisesi.org\/index.php?rest_route=\/wp\/v2\/pages\/1063","targetHints":{"allow":["GET"]}}],"collection":[{"href":"https:\/\/tuzlakilisesi.org\/index.php?rest_route=\/wp\/v2\/pages"}],"about":[{"href":"https:\/\/tuzlakilisesi.org\/index.php?rest_route=\/wp\/v2\/types\/page"}],"author":[{"embeddable":true,"href":"https:\/\/tuzlakilisesi.org\/index.php?rest_route=\/wp\/v2\/users\/2"}],"replies":[{"embeddable":true,"href":"https:\/\/tuzlakilisesi.org\/index.php?rest_route=%2Fwp%2Fv2%2Fcomments&post=1063"}],"version-history":[{"count":18,"href":"https:\/\/tuzlakilisesi.org\/index.php?rest_route=\/wp\/v2\/pages\/1063\/revisions"}],"predecessor-version":[{"id":2874,"href":"https:\/\/tuzlakilisesi.org\/index.php?rest_route=\/wp\/v2\/pages\/1063\/revisions\/2874"}],"wp:featuredmedia":[{"embeddable":true,"href":"https:\/\/tuzlakilisesi.org\/index.php?rest_route=\/wp\/v2\/media\/2873"}],"wp:attachment":[{"href":"https:\/\/tuzlakilisesi.org\/index.php?rest_route=%2Fwp%2Fv2%2Fmedia&parent=1063"}],"curies":[{"name":"wp","href":"https:\/\/api.w.org\/{rel}","templated":true}]}}