{"id":1043,"date":"2022-10-23T10:36:10","date_gmt":"2022-10-23T10:36:10","guid":{"rendered":"http:\/\/wp.izmitkilisesi.com\/?page_id=1043"},"modified":"2026-04-23T12:36:34","modified_gmt":"2026-04-23T12:36:34","slug":"anasayfa","status":"publish","type":"page","link":"https:\/\/tuzlakilisesi.org\/","title":{"rendered":"Anasayfa"},"content":{"rendered":"<h2 style=\"text-align: center;\">Resmi \u0130leti\u015fim Kanallar\u0131m\u0131z<\/h2>\r\n<div style=\"width: 750px;\" class=\"wp-video\"><video class=\"wp-video-shortcode\" id=\"video-1043-1\" width=\"750\" height=\"422\" poster=\"https:\/\/tuzlakilisesi.org\/wp-content\/uploads\/2024\/05\/Post-1.png\" preload=\"metadata\" controls=\"controls\"><source type=\"video\/mp4\" src=\"https:\/\/tuzlakilisesi.org\/wp-content\/uploads\/2024\/05\/Resmi_Yatay.mp4?_=1\" \/><a href=\"https:\/\/tuzlakilisesi.org\/wp-content\/uploads\/2024\/05\/Resmi_Yatay.mp4\">https:\/\/tuzlakilisesi.org\/wp-content\/uploads\/2024\/05\/Resmi_Yatay.mp4<\/a><\/video><\/div>\r\n<h2 style=\"text-align: center;\"><span style=\"color: #ffffff;\">Ziyare<\/span><span style=\"color: #ffffff;\">t G\u00fcnleri ve \u0130badet Saatimiz<\/span><\/h2>\r\n<div style=\"width: 750px;\" class=\"wp-video\"><video class=\"wp-video-shortcode\" id=\"video-1043-2\" width=\"750\" height=\"422\" poster=\"https:\/\/tuzlakilisesi.org\/wp-content\/uploads\/slider2\/IMG_2666-scaled.jpeg\" preload=\"metadata\" controls=\"controls\"><source type=\"video\/mp4\" src=\"https:\/\/tuzlakilisesi.org\/wp-content\/uploads\/2023\/04\/Ziyaret_Gunleri.mp4?_=2\" \/><a href=\"https:\/\/tuzlakilisesi.org\/wp-content\/uploads\/2023\/04\/Ziyaret_Gunleri.mp4\">https:\/\/tuzlakilisesi.org\/wp-content\/uploads\/2023\/04\/Ziyaret_Gunleri.mp4<\/a><\/video><\/div>\r\n\r\n<hr \/>\r\n\r\n<h2 style=\"text-align: center;\"><span style=\"color: #ffffff;\">YouTube Kanal\u0131m\u0131za ABONE Olarak<\/span>\r\n<span style=\"color: #ffffff;\">Vaaz Videolar\u0131m\u0131z\u0131 Takip Edebilirsiniz&#8230;<\/span>\r\n<span style=\"color: #ffffff;\"><a style=\"color: #ffffff;\" href=\"http:\/\/www.youtube.com\/tuzlakilisesi\">www.youtube.com\/tuzlakilisesi<\/a><\/span><\/h2>\r\n<div class=\"epyt-gallery\" data-currpage=\"1\" id=\"epyt_gallery_24334\"><iframe  id=\"_ytid_29623\"  width=\"750\" height=\"422\"  data-origwidth=\"750\" data-origheight=\"422\" src=\"https:\/\/www.youtube.com\/embed\/SIRNxjG4raU?enablejsapi=1&autoplay=0&cc_load_policy=0&cc_lang_pref=&iv_load_policy=1&loop=0&rel=1&fs=1&playsinline=0&autohide=2&theme=dark&color=red&controls=1&disablekb=0&\" class=\"__youtube_prefs__  no-lazyload\" title=\"YouTube player\"  data-epytgalleryid=\"epyt_gallery_24334\"  allow=\"fullscreen; accelerometer; autoplay; clipboard-write; encrypted-media; gyroscope; picture-in-picture; web-share\" referrerpolicy=\"strict-origin-when-cross-origin\" allowfullscreen data-no-lazy=\"1\" data-skipgform_ajax_framebjll=\"\"><\/iframe><div class=\"epyt-gallery-subscribe\"><a target=\"_blank\" class=\"epyt-gallery-subbutton\" href=\"https:\/\/www.youtube.com\/channel\/UCIdyCRZSC5aj8nbVl2rsvvg?sub_confirmation=1\"><img decoding=\"async\" alt=\"subscribe\" src=\"https:\/\/tuzlakilisesi.org\/wp-content\/plugins\/youtube-embed-plus\/images\/play-subscribe.png\" \/>Kanal\u0131m\u0131za ABONE Olabilirsiniz...<\/a><\/div><div class=\"epyt-gallery-list\"><div class=\"epyt-pagination \"><div tabindex=\"0\" role=\"button\" class=\"epyt-pagebutton epyt-prev  hide \" data-playlistid=\"PLEgnEyEFVdiQx1xjSbjCkjL5ddCaHvUNJ\" data-pagesize=\"3\" data-pagetoken=\"\" data-epcolumns=\"3\" data-showtitle=\"1\" data-showpaging=\"1\" data-autonext=\"0\" data-thumbplay=\"1\"><div class=\"epyt-arrow\">&laquo;<\/div> <div>Prev<\/div><\/div><div class=\"epyt-pagenumbers \"><div class=\"epyt-current\">1<\/div><div class=\"epyt-pageseparator\"> \/ <\/div><div class=\"epyt-totalpages\">71<\/div><\/div><div tabindex=\"0\" role=\"button\" class=\"epyt-pagebutton epyt-next\" data-playlistid=\"PLEgnEyEFVdiQx1xjSbjCkjL5ddCaHvUNJ\" data-pagesize=\"3\" data-pagetoken=\"EAAaHlBUOkNBTWlFRU16UlRBeVEwTkZNakJCUTBNeU1UWQ\" data-epcolumns=\"3\" data-showtitle=\"1\" data-showpaging=\"1\" data-autonext=\"0\" data-thumbplay=\"1\"><div>Next<\/div> <div class=\"epyt-arrow\">&raquo;<\/div><\/div><div class=\"epyt-loader\"><img decoding=\"async\" alt=\"loading\" width=\"16\" height=\"11\" src=\"https:\/\/tuzlakilisesi.org\/wp-content\/plugins\/youtube-embed-plus\/images\/gallery-page-loader.gif\"><\/div><\/div><div class=\"epyt-gallery-allthumbs  epyt-cols-3 \"><div tabindex=\"0\" role=\"button\" data-videoid=\"SIRNxjG4raU\" class=\"epyt-gallery-thumb\"><div class=\"epyt-gallery-img-box\"><div class=\"epyt-gallery-img\" style=\"background-image: url(https:\/\/i.ytimg.com\/vi\/SIRNxjG4raU\/hqdefault.jpg)\"><div class=\"epyt-gallery-playhover\"><img decoding=\"async\" alt=\"play\" class=\"epyt-play-img\" width=\"30\" height=\"23\" src=\"https:\/\/tuzlakilisesi.org\/wp-content\/plugins\/youtube-embed-plus\/images\/playhover.png\" data-no-lazy=\"1\" data-skipgform_ajax_framebjll=\"\" \/><div class=\"epyt-gallery-playcrutch\"><\/div><\/div><\/div><\/div><div class=\"epyt-gallery-title\">M\u00fcjdeci Bir Kilise Olmak - Hristiyan Vaaz<\/div><\/div><div tabindex=\"0\" role=\"button\" data-videoid=\"mxXg60ocopw\" class=\"epyt-gallery-thumb\"><div class=\"epyt-gallery-img-box\"><div class=\"epyt-gallery-img\" style=\"background-image: url(https:\/\/i.ytimg.com\/vi\/mxXg60ocopw\/hqdefault.jpg)\"><div class=\"epyt-gallery-playhover\"><img decoding=\"async\" alt=\"play\" class=\"epyt-play-img\" width=\"30\" height=\"23\" src=\"https:\/\/tuzlakilisesi.org\/wp-content\/plugins\/youtube-embed-plus\/images\/playhover.png\" data-no-lazy=\"1\" data-skipgform_ajax_framebjll=\"\" \/><div class=\"epyt-gallery-playcrutch\"><\/div><\/div><\/div><\/div><div class=\"epyt-gallery-title\">Dua Eden Bir Kilise Olmak - Hristiyan Vaaz<\/div><\/div><div tabindex=\"0\" role=\"button\" data-videoid=\"8TYfkXcrthw\" class=\"epyt-gallery-thumb\"><div class=\"epyt-gallery-img-box\"><div class=\"epyt-gallery-img\" style=\"background-image: url(https:\/\/tuzlakilisesi.org\/wp-content\/plugins\/youtube-embed-plus\/images\/deleted-video-thumb.png)\"><div class=\"epyt-gallery-playhover\"><img decoding=\"async\" alt=\"play\" class=\"epyt-play-img\" width=\"30\" height=\"23\" src=\"https:\/\/tuzlakilisesi.org\/wp-content\/plugins\/youtube-embed-plus\/images\/playhover.png\" data-no-lazy=\"1\" data-skipgform_ajax_framebjll=\"\" \/><div class=\"epyt-gallery-playcrutch\"><\/div><\/div><\/div><\/div><div class=\"epyt-gallery-title\">Deleted video<\/div><\/div><div class=\"epyt-gallery-rowbreak\"><\/div><div class=\"epyt-gallery-clear\"><\/div><\/div><div class=\"epyt-pagination \"><div tabindex=\"0\" role=\"button\" class=\"epyt-pagebutton epyt-prev  hide \" data-playlistid=\"PLEgnEyEFVdiQx1xjSbjCkjL5ddCaHvUNJ\" data-pagesize=\"3\" data-pagetoken=\"\" data-epcolumns=\"3\" data-showtitle=\"1\" data-showpaging=\"1\" data-autonext=\"0\" data-thumbplay=\"1\"><div class=\"epyt-arrow\">&laquo;<\/div> <div>Prev<\/div><\/div><div class=\"epyt-pagenumbers \"><div class=\"epyt-current\">1<\/div><div class=\"epyt-pageseparator\"> \/ <\/div><div class=\"epyt-totalpages\">71<\/div><\/div><div tabindex=\"0\" role=\"button\" class=\"epyt-pagebutton epyt-next\" data-playlistid=\"PLEgnEyEFVdiQx1xjSbjCkjL5ddCaHvUNJ\" data-pagesize=\"3\" data-pagetoken=\"EAAaHlBUOkNBTWlFRU16UlRBeVEwTkZNakJCUTBNeU1UWQ\" data-epcolumns=\"3\" data-showtitle=\"1\" data-showpaging=\"1\" data-autonext=\"0\" data-thumbplay=\"1\"><div>Next<\/div> <div class=\"epyt-arrow\">&raquo;<\/div><\/div><div class=\"epyt-loader\"><img decoding=\"async\" alt=\"loading\" width=\"16\" height=\"11\" src=\"https:\/\/tuzlakilisesi.org\/wp-content\/plugins\/youtube-embed-plus\/images\/gallery-page-loader.gif\"><\/div><\/div><\/div><\/div>\r\n<h3 style=\"text-align: center;\"><span style=\"color: #ffffff;\"><strong>Vaaz Videolar\u0131ndan Kesitler<\/strong><\/span><\/h3>\r\n<div class=\"epyt-gallery\" data-currpage=\"1\" id=\"epyt_gallery_39010\"><iframe  id=\"_ytid_31968\"  width=\"750\" height=\"422\"  data-origwidth=\"750\" data-origheight=\"422\" src=\"https:\/\/www.youtube.com\/embed\/bAk7NuKaRmQ?enablejsapi=1&autoplay=0&cc_load_policy=0&cc_lang_pref=&iv_load_policy=1&loop=0&rel=1&fs=1&playsinline=0&autohide=2&theme=dark&color=red&controls=1&disablekb=0&\" class=\"__youtube_prefs__  no-lazyload\" title=\"YouTube player\"  data-epytgalleryid=\"epyt_gallery_39010\"  allow=\"fullscreen; accelerometer; autoplay; clipboard-write; encrypted-media; gyroscope; picture-in-picture; web-share\" referrerpolicy=\"strict-origin-when-cross-origin\" allowfullscreen data-no-lazy=\"1\" data-skipgform_ajax_framebjll=\"\"><\/iframe><div class=\"epyt-gallery-subscribe\"><a target=\"_blank\" class=\"epyt-gallery-subbutton\" href=\"https:\/\/www.youtube.com\/channel\/UCIdyCRZSC5aj8nbVl2rsvvg?sub_confirmation=1\"><img decoding=\"async\" alt=\"subscribe\" src=\"https:\/\/tuzlakilisesi.org\/wp-content\/plugins\/youtube-embed-plus\/images\/play-subscribe.png\" \/>Kanal\u0131m\u0131za ABONE Olabilirsiniz...<\/a><\/div><div class=\"epyt-gallery-list\"><div class=\"epyt-pagination \"><div tabindex=\"0\" role=\"button\" class=\"epyt-pagebutton epyt-prev  hide \" data-playlistid=\"PLEgnEyEFVdiR91Ryzxn4iTGTNpfhVDGTM\" data-pagesize=\"3\" data-pagetoken=\"\" data-epcolumns=\"3\" data-showtitle=\"1\" data-showpaging=\"1\" data-autonext=\"0\" data-thumbplay=\"1\"><div class=\"epyt-arrow\">&laquo;<\/div> <div>Prev<\/div><\/div><div class=\"epyt-pagenumbers \"><div class=\"epyt-current\">1<\/div><div class=\"epyt-pageseparator\"> \/ <\/div><div class=\"epyt-totalpages\">12<\/div><\/div><div tabindex=\"0\" role=\"button\" class=\"epyt-pagebutton epyt-next\" data-playlistid=\"PLEgnEyEFVdiR91Ryzxn4iTGTNpfhVDGTM\" data-pagesize=\"3\" data-pagetoken=\"EAAaHlBUOkNBTWlFRFJCTURjMU5UWkdRelZET1VJek5qRQ\" data-epcolumns=\"3\" data-showtitle=\"1\" data-showpaging=\"1\" data-autonext=\"0\" data-thumbplay=\"1\"><div>Next<\/div> <div class=\"epyt-arrow\">&raquo;<\/div><\/div><div class=\"epyt-loader\"><img decoding=\"async\" alt=\"loading\" width=\"16\" height=\"11\" src=\"https:\/\/tuzlakilisesi.org\/wp-content\/plugins\/youtube-embed-plus\/images\/gallery-page-loader.gif\"><\/div><\/div><div class=\"epyt-gallery-allthumbs  epyt-cols-3 \"><div tabindex=\"0\" role=\"button\" data-videoid=\"bAk7NuKaRmQ\" class=\"epyt-gallery-thumb\"><div class=\"epyt-gallery-img-box\"><div class=\"epyt-gallery-img\" style=\"background-image: url(https:\/\/i.ytimg.com\/vi\/bAk7NuKaRmQ\/hqdefault.jpg)\"><div class=\"epyt-gallery-playhover\"><img decoding=\"async\" alt=\"play\" class=\"epyt-play-img\" width=\"30\" height=\"23\" src=\"https:\/\/tuzlakilisesi.org\/wp-content\/plugins\/youtube-embed-plus\/images\/playhover.png\" data-no-lazy=\"1\" data-skipgform_ajax_framebjll=\"\" \/><div class=\"epyt-gallery-playcrutch\"><\/div><\/div><\/div><\/div><div class=\"epyt-gallery-title\">Zafer Kazanan Rabbin I\u0307smidir  #ke\u015ffet<\/div><\/div><div tabindex=\"0\" role=\"button\" data-videoid=\"rKSiXS66xIQ\" class=\"epyt-gallery-thumb\"><div class=\"epyt-gallery-img-box\"><div class=\"epyt-gallery-img\" style=\"background-image: url(https:\/\/i.ytimg.com\/vi\/rKSiXS66xIQ\/hqdefault.jpg)\"><div class=\"epyt-gallery-playhover\"><img decoding=\"async\" alt=\"play\" class=\"epyt-play-img\" width=\"30\" height=\"23\" src=\"https:\/\/tuzlakilisesi.org\/wp-content\/plugins\/youtube-embed-plus\/images\/playhover.png\" data-no-lazy=\"1\" data-skipgform_ajax_framebjll=\"\" \/><div class=\"epyt-gallery-playcrutch\"><\/div><\/div><\/div><\/div><div class=\"epyt-gallery-title\">Pavlus&#039;u Du\u0308s\u0327u\u0308nu\u0308n #ke\u015ffet<\/div><\/div><div tabindex=\"0\" role=\"button\" data-videoid=\"b9nq2OXuA_M\" class=\"epyt-gallery-thumb\"><div class=\"epyt-gallery-img-box\"><div class=\"epyt-gallery-img\" style=\"background-image: url(https:\/\/i.ytimg.com\/vi\/b9nq2OXuA_M\/hqdefault.jpg)\"><div class=\"epyt-gallery-playhover\"><img decoding=\"async\" alt=\"play\" class=\"epyt-play-img\" width=\"30\" height=\"23\" src=\"https:\/\/tuzlakilisesi.org\/wp-content\/plugins\/youtube-embed-plus\/images\/playhover.png\" data-no-lazy=\"1\" data-skipgform_ajax_framebjll=\"\" \/><div class=\"epyt-gallery-playcrutch\"><\/div><\/div><\/div><\/div><div class=\"epyt-gallery-title\">I\u0307sa Mesih&#039;e I\u0307man Etmek Demek<\/div><\/div><div class=\"epyt-gallery-rowbreak\"><\/div><div class=\"epyt-gallery-clear\"><\/div><\/div><div class=\"epyt-pagination \"><div tabindex=\"0\" role=\"button\" class=\"epyt-pagebutton epyt-prev  hide \" data-playlistid=\"PLEgnEyEFVdiR91Ryzxn4iTGTNpfhVDGTM\" data-pagesize=\"3\" data-pagetoken=\"\" data-epcolumns=\"3\" data-showtitle=\"1\" data-showpaging=\"1\" data-autonext=\"0\" data-thumbplay=\"1\"><div class=\"epyt-arrow\">&laquo;<\/div> <div>Prev<\/div><\/div><div class=\"epyt-pagenumbers \"><div class=\"epyt-current\">1<\/div><div class=\"epyt-pageseparator\"> \/ <\/div><div class=\"epyt-totalpages\">12<\/div><\/div><div tabindex=\"0\" role=\"button\" class=\"epyt-pagebutton epyt-next\" data-playlistid=\"PLEgnEyEFVdiR91Ryzxn4iTGTNpfhVDGTM\" data-pagesize=\"3\" data-pagetoken=\"EAAaHlBUOkNBTWlFRFJCTURjMU5UWkdRelZET1VJek5qRQ\" data-epcolumns=\"3\" data-showtitle=\"1\" data-showpaging=\"1\" data-autonext=\"0\" data-thumbplay=\"1\"><div>Next<\/div> <div class=\"epyt-arrow\">&raquo;<\/div><\/div><div class=\"epyt-loader\"><img decoding=\"async\" alt=\"loading\" width=\"16\" height=\"11\" src=\"https:\/\/tuzlakilisesi.org\/wp-content\/plugins\/youtube-embed-plus\/images\/gallery-page-loader.gif\"><\/div><\/div><\/div><\/div>\r\n\r\n<hr \/>\r\n\r\n<h2 style=\"text-align: center;\"><span style=\"color: #ffffff;\">\u0130lahi Klipleri<\/span><\/h2>\r\n<p style=\"text-align: center;\"><div class=\"epyt-gallery\" data-currpage=\"1\" id=\"epyt_gallery_42581\"><iframe  id=\"_ytid_60040\"  width=\"750\" height=\"422\"  data-origwidth=\"750\" data-origheight=\"422\" src=\"https:\/\/www.youtube.com\/embed\/NNyDnykX6TI?enablejsapi=1&autoplay=0&cc_load_policy=0&cc_lang_pref=&iv_load_policy=1&loop=0&rel=1&fs=1&playsinline=0&autohide=2&theme=dark&color=red&controls=1&disablekb=0&\" class=\"__youtube_prefs__  no-lazyload\" title=\"YouTube player\"  data-epytgalleryid=\"epyt_gallery_42581\"  allow=\"fullscreen; accelerometer; autoplay; clipboard-write; encrypted-media; gyroscope; picture-in-picture; web-share\" referrerpolicy=\"strict-origin-when-cross-origin\" allowfullscreen data-no-lazy=\"1\" data-skipgform_ajax_framebjll=\"\"><\/iframe><div class=\"epyt-gallery-subscribe\"><a target=\"_blank\" class=\"epyt-gallery-subbutton\" href=\"https:\/\/www.youtube.com\/channel\/UCIdyCRZSC5aj8nbVl2rsvvg?sub_confirmation=1\"><img decoding=\"async\" alt=\"subscribe\" src=\"https:\/\/tuzlakilisesi.org\/wp-content\/plugins\/youtube-embed-plus\/images\/play-subscribe.png\" \/>Kanal\u0131m\u0131za ABONE Olabilirsiniz...<\/a><\/div><div class=\"epyt-gallery-list\"><div class=\"epyt-pagination \"><div tabindex=\"0\" role=\"button\" class=\"epyt-pagebutton epyt-prev  hide \" data-playlistid=\"PLTDxRKbXPWDnFfaZ2KIwmAD2xdf5vIe30\" data-pagesize=\"3\" data-pagetoken=\"\" data-epcolumns=\"3\" data-showtitle=\"1\" data-showpaging=\"1\" data-autonext=\"0\" data-thumbplay=\"1\"><div class=\"epyt-arrow\">&laquo;<\/div> <div>Prev<\/div><\/div><div class=\"epyt-pagenumbers \"><div class=\"epyt-current\">1<\/div><div class=\"epyt-pageseparator\"> \/ <\/div><div class=\"epyt-totalpages\">42<\/div><\/div><div tabindex=\"0\" role=\"button\" class=\"epyt-pagebutton epyt-next\" data-playlistid=\"PLTDxRKbXPWDnFfaZ2KIwmAD2xdf5vIe30\" data-pagesize=\"3\" data-pagetoken=\"EAAaHlBUOkNBTWlFRUl3T1RWRFF6RkVSakk1TlVRNU5rVQ\" data-epcolumns=\"3\" data-showtitle=\"1\" data-showpaging=\"1\" data-autonext=\"0\" data-thumbplay=\"1\"><div>Next<\/div> <div class=\"epyt-arrow\">&raquo;<\/div><\/div><div class=\"epyt-loader\"><img decoding=\"async\" alt=\"loading\" width=\"16\" height=\"11\" src=\"https:\/\/tuzlakilisesi.org\/wp-content\/plugins\/youtube-embed-plus\/images\/gallery-page-loader.gif\"><\/div><\/div><div class=\"epyt-gallery-allthumbs  epyt-cols-3 \"><div tabindex=\"0\" role=\"button\" data-videoid=\"NNyDnykX6TI\" class=\"epyt-gallery-thumb\"><div class=\"epyt-gallery-img-box\"><div class=\"epyt-gallery-img\" style=\"background-image: url(https:\/\/i.ytimg.com\/vi\/NNyDnykX6TI\/hqdefault.jpg)\"><div class=\"epyt-gallery-playhover\"><img decoding=\"async\" alt=\"play\" class=\"epyt-play-img\" width=\"30\" height=\"23\" src=\"https:\/\/tuzlakilisesi.org\/wp-content\/plugins\/youtube-embed-plus\/images\/playhover.png\" data-no-lazy=\"1\" data-skipgform_ajax_framebjll=\"\" \/><div class=\"epyt-gallery-playcrutch\"><\/div><\/div><\/div><\/div><div class=\"epyt-gallery-title\">Karanl\u0131k S\u00fckunet - T\u00fcrk\u00e7e Hristiyan ilahi<\/div><\/div><div tabindex=\"0\" role=\"button\" data-videoid=\"96ZIGF9-5fs\" class=\"epyt-gallery-thumb\"><div class=\"epyt-gallery-img-box\"><div class=\"epyt-gallery-img\" style=\"background-image: url(https:\/\/i.ytimg.com\/vi\/96ZIGF9-5fs\/hqdefault.jpg)\"><div class=\"epyt-gallery-playhover\"><img decoding=\"async\" alt=\"play\" class=\"epyt-play-img\" width=\"30\" height=\"23\" src=\"https:\/\/tuzlakilisesi.org\/wp-content\/plugins\/youtube-embed-plus\/images\/playhover.png\" data-no-lazy=\"1\" data-skipgform_ajax_framebjll=\"\" \/><div class=\"epyt-gallery-playcrutch\"><\/div><\/div><\/div><\/div><div class=\"epyt-gallery-title\">G\u00f6rkeminin I\u015f\u0131\u011f\u0131nda \/ Senin Sevgin - T\u00fcrk\u00e7e Hristiyan ilahi<\/div><\/div><div tabindex=\"0\" role=\"button\" data-videoid=\"TSRSHFhQT6E\" class=\"epyt-gallery-thumb\"><div class=\"epyt-gallery-img-box\"><div class=\"epyt-gallery-img\" style=\"background-image: url(https:\/\/i.ytimg.com\/vi\/TSRSHFhQT6E\/hqdefault.jpg)\"><div class=\"epyt-gallery-playhover\"><img decoding=\"async\" alt=\"play\" class=\"epyt-play-img\" width=\"30\" height=\"23\" src=\"https:\/\/tuzlakilisesi.org\/wp-content\/plugins\/youtube-embed-plus\/images\/playhover.png\" data-no-lazy=\"1\" data-skipgform_ajax_framebjll=\"\" \/><div class=\"epyt-gallery-playcrutch\"><\/div><\/div><\/div><\/div><div class=\"epyt-gallery-title\">Tanr\u0131 Sevgidir - T\u00fcrk\u00e7e Hristiyan ilahi<\/div><\/div><div class=\"epyt-gallery-rowbreak\"><\/div><div class=\"epyt-gallery-clear\"><\/div><\/div><div class=\"epyt-pagination \"><div tabindex=\"0\" role=\"button\" class=\"epyt-pagebutton epyt-prev  hide \" data-playlistid=\"PLTDxRKbXPWDnFfaZ2KIwmAD2xdf5vIe30\" data-pagesize=\"3\" data-pagetoken=\"\" data-epcolumns=\"3\" data-showtitle=\"1\" data-showpaging=\"1\" data-autonext=\"0\" data-thumbplay=\"1\"><div class=\"epyt-arrow\">&laquo;<\/div> <div>Prev<\/div><\/div><div class=\"epyt-pagenumbers \"><div class=\"epyt-current\">1<\/div><div class=\"epyt-pageseparator\"> \/ <\/div><div class=\"epyt-totalpages\">42<\/div><\/div><div tabindex=\"0\" role=\"button\" class=\"epyt-pagebutton epyt-next\" data-playlistid=\"PLTDxRKbXPWDnFfaZ2KIwmAD2xdf5vIe30\" data-pagesize=\"3\" data-pagetoken=\"EAAaHlBUOkNBTWlFRUl3T1RWRFF6RkVSakk1TlVRNU5rVQ\" data-epcolumns=\"3\" data-showtitle=\"1\" data-showpaging=\"1\" data-autonext=\"0\" data-thumbplay=\"1\"><div>Next<\/div> <div class=\"epyt-arrow\">&raquo;<\/div><\/div><div class=\"epyt-loader\"><img decoding=\"async\" alt=\"loading\" width=\"16\" height=\"11\" src=\"https:\/\/tuzlakilisesi.org\/wp-content\/plugins\/youtube-embed-plus\/images\/gallery-page-loader.gif\"><\/div><\/div><\/div><\/div>\r\n<!-- \/wp:post-content -->","protected":false},"excerpt":{"rendered":"<p>Resmi \u0130leti\u015fim Kanallar\u0131m\u0131z Ziyaret G\u00fcnleri ve \u0130badet Saatimiz YouTube Kanal\u0131m\u0131za ABONE Olarak Vaaz Videolar\u0131m\u0131z\u0131 Takip Edebilirsiniz&#8230; www.youtube.com\/tuzlakilisesi Vaaz Videolar\u0131ndan Kesitler \u0130lahi Klipleri<\/p>\n","protected":false},"author":2,"featured_media":0,"parent":0,"menu_order":0,"comment_status":"closed","ping_status":"closed","template":"","meta":{"_crdt_document":"","footnotes":""},"class_list":["post-1043","page","type-page","status-publish","hentry"],"_links":{"self":[{"href":"https:\/\/tuzlakilisesi.org\/index.php?rest_route=\/wp\/v2\/pages\/1043","targetHints":{"allow":["GET"]}}],"collection":[{"href":"https:\/\/tuzlakilisesi.org\/index.php?rest_route=\/wp\/v2\/pages"}],"about":[{"href":"https:\/\/tuzlakilisesi.org\/index.php?rest_route=\/wp\/v2\/types\/page"}],"author":[{"embeddable":true,"href":"https:\/\/tuzlakilisesi.org\/index.php?rest_route=\/wp\/v2\/users\/2"}],"replies":[{"embeddable":true,"href":"https:\/\/tuzlakilisesi.org\/index.php?rest_route=%2Fwp%2Fv2%2Fcomments&post=1043"}],"version-history":[{"count":220,"href":"https:\/\/tuzlakilisesi.org\/index.php?rest_route=\/wp\/v2\/pages\/1043\/revisions"}],"predecessor-version":[{"id":2859,"href":"https:\/\/tuzlakilisesi.org\/index.php?rest_route=\/wp\/v2\/pages\/1043\/revisions\/2859"}],"wp:attachment":[{"href":"https:\/\/tuzlakilisesi.org\/index.php?rest_route=%2Fwp%2Fv2%2Fmedia&parent=1043"}],"curies":[{"name":"wp","href":"https:\/\/api.w.org\/{rel}","templated":true}]}}